{"id":230,"date":"2018-05-04T15:26:43","date_gmt":"2018-05-04T13:26:43","guid":{"rendered":"https:\/\/www.lager-land.de\/blog\/?page_id=230"},"modified":"2018-05-04T15:34:10","modified_gmt":"2018-05-04T13:34:10","slug":"datenschutz","status":"publish","type":"page","link":"https:\/\/www.lager-land.de\/blog\/datenschutz\/","title":{"rendered":"Datenschutz"},"content":{"rendered":"<p><strong>Verantwortlich:<\/strong><br \/>\nThomas Ruhland<br \/>\nAm Eicherhof 16<br \/>\n81929 M\u00fcnchen<br \/>\nDeutschland<\/p>\n<p>Telefon +49 89 \/ 930 16 00<br \/>\nTelefax +49 89 \/ 90 93 78 54<br \/>\nEmail: <a>info[at]Lager-Land.de<\/a><\/p>\n<h4>Erfassung von allgemeinen Daten und Informationen<\/h4>\n<p>Wenn Sie auf unsere Webseite zugreifen, werden automatisch Informationen allgemeiner Natur erfasst. Diese Informationen (Server-Logfiles) beinhalten die verwendeten Browsertypen und Versionen, das vom zugreifenden System verwendete Betriebssystem, die Internetseite, von welcher ein zugreifendes System auf unsere Internetseite gelangt (sogenannte Referrer), die Unterwebseiten, welche \u00fcber ein zugreifendes System auf unserer Internetseite angesteuert werden, das Datum und die Uhrzeit eines Zugriffs auf die Internetseite, eine Internet-Protokoll-Adresse (IP-Adresse), der Internet-Service-Provider des zugreifenden Systems und sonstige \u00e4hnliche Daten und Informationen.<\/p>\n<p>Hierbei handelt es sich ausschlie\u00dflich um Informationen, welche keine R\u00fcckschl\u00fcsse auf Ihre Person zulassen. Diese Informationen sind technisch notwendig, um von Ihnen angeforderte Inhalte von Webseiten korrekt auszuliefern, um die Inhalte unserer Internetseite sowie die Werbung f\u00fcr diese zu optimieren, um die dauerhafte Funktionsf\u00e4higkeit unserer informationstechnologischen Systeme und der Technik unserer Internetseite zu gew\u00e4hrleisten sowie um Strafverfolgungsbeh\u00f6rden im Falle eines Cyberangriffes die zur Strafverfolgung notwendigen Informationen bereitzustellen.<\/p>\n<p>Anonyme Informationen dieser Art werden von uns statistisch ausgewertet, um unseren Internetauftritt und die dahinterstehende Technik zu optimieren. Die anonymen Daten der Server-Logfiles werden getrennt von allen durch eine betroffene Person angegebenen personenbezogenen Daten gespeichert.<\/p>\n<h4>Cookies<\/h4>\n<p>Wie viele andere Webseiten verwenden wir auch so genannte \u201eCookies\u201c. Cookies sind kleine Textdateien, die von einem Webseitenserver auf Ihre Festplatte \u00fcbertragen werden. Hierdurch erhalten wir automatisch bestimmte Daten wie z. B. IP-Adresse, verwendeter Browser, Betriebssystem \u00fcber Ihren Computer und Ihre Verbindung zum Internet.<\/p>\n<p>Cookies k\u00f6nnen nicht verwendet werden, um Programme zu starten oder Viren auf einen Computer zu \u00fcbertragen. Anhand der in Cookies enthaltenen Informationen k\u00f6nnen wir Ihnen die Navigation erleichtern und die korrekte Anzeige unserer Webseiten erm\u00f6glichen.<\/p>\n<p>In keinem Fall werden die von uns erfassten Daten an Dritte weitergegeben oder ohne Ihre Einwilligung eine Verkn\u00fcpfung mit personenbezogenen Daten hergestellt.<\/p>\n<p>Nat\u00fcrlich k\u00f6nnen Sie unsere Website grunds\u00e4tzlich auch ohne Cookies betrachten. Internet-Browser sind regelm\u00e4\u00dfig so eingestellt, dass sie Cookies akzeptieren. Aber Sie k\u00f6nnen die Verwendung von Cookies jederzeit \u00fcber die Einstellungen Ihres Browsers deaktivieren. Bitte verwenden Sie die Hilfefunktionen Ihres Internetbrowsers, um zu erfahren, wie Sie diese Einstellungen \u00e4ndern k\u00f6nnen. Bitte beachten Sie, dass einzelne Funktionen unserer Website m\u00f6glicherweise nicht funktionieren, wenn Sie die Verwendung von Cookies deaktiviert haben.<\/p>\n<h4>SSL-Verschl\u00fcsselung<\/h4>\n<p>Um die Sicherheit Ihrer Daten bei der \u00dcbertragung zu sch\u00fctzen, verwenden wir dem aktuellen Stand der Technik entsprechende Verschl\u00fcsselungsverfahren (z. B. SSL) \u00fcber HTTPS.<\/p>\n<h4>Kontakt \u00fcber E-Mail, Kontaktformular oder Akademie-Formular<\/h4>\n<p>Treten Sie per E-Mail oder Webformular mit uns in Kontakt, werden die von Ihnen gemachten Angaben zum Zwecke der Bearbeitung der Anfrage gespeichert. Es erfolgt keine Weitergabe dieser personenbezogenen Daten an Dritte und auch keine \u00dcbermittlung in Drittl\u00e4nder.<\/p>\n<p>Die \u00dcbertragung der Daten aus den Webformularen zu uns wird \u00fcber eine E-Mail realisiert. Wir weisen darauf hin, dass die Daten\u00fcbertragung im Internet (z.B. bei der Kommunikation per E-Mail) Sicherheitsl\u00fccken aufweisen kann. Ein l\u00fcckenloser Schutz der Daten vor dem Zugriff durch Dritte ist nicht m\u00f6glich.<\/p>\n<p>Rechtsgrundlage f\u00fcr die Speicherung von personenbezogenen Daten \u00fcber die Nutzung der E-Mail-Adresse oder des Kontaktformulars ist Art. 6 Abs. 1 lit. b DSGVO f\u00fcr die Erf\u00fcllung eines Vertrags oder f\u00fcr die Durchf\u00fchrung vorvertraglicher Ma\u00dfnahmen.<\/p>\n<h4>Google Web Fonts<\/h4>\n<p>Diese Seite nutzt zur einheitlichen Darstellung von Schriftarten so genannte Web Fonts, die von Google bereitgestellt werden. Beim Aufruf einer Seite l\u00e4dt Ihr Browser die ben\u00f6tigten Web Fonts in ihren Browsercache, um Texte und Schriftarten korrekt anzuzeigen. Zu diesem Zweck muss der von Ihnen verwendete Browser Verbindung zu den Servern von Google aufnehmen. Hierdurch erlangt Google Kenntnis dar\u00fcber, dass \u00fcber Ihre IP-Adresse unsere Website aufgerufen wurde. Die Nutzung von Google Web Fonts erfolgt im Interesse einer einheitlichen und ansprechenden Darstellung unserer Online-Angebote. Dies stellt ein berechtigtes Interesse im Sinne von Art. 6 Abs. 1 lit. f DSGVO dar. Wenn Ihr Browser Web Fonts nicht unterst\u00fctzt, wird eine Standardschrift von Ihrem Computer genutzt. Weitere Informationen zu Google Web Fonts finden Sie unter <a href=\"https:\/\/developers.google.com\/fonts\/faq\" target=\"_blank\" rel=\"noopener\">https:\/\/developers.google.com\/fonts\/faq<\/a> und in der Datenschutzerkl\u00e4rung von Google: <a href=\"https:\/\/www.google.com\/policies\/privacy\/\" target=\"_blank\" rel=\"noopener\">https:\/\/www.google.com\/policies\/privacy\/<\/a>.<\/p>\n<h4>Datensparsamkeit<\/h4>\n<p>Wir halten uns an die Grunds\u00e4tze der Datenvermeidung und Datensparsamkeit. Wir speichern Ihre personenbezogenen Daten daher nur so lange, wie dies zur Erreichung der hier genannten Zwecke erforderlich ist oder wie es die vom Gesetzgeber vorgesehenen vielf\u00e4ltigen Speicherfristen vorsehen. Nach Fortfall des jeweiligen Zweckes bzw. Ablauf dieser Fristen werden die entsprechenden Daten routinem\u00e4\u00dfig und entsprechend den gesetzlichen Vorschriften gesperrt oder gel\u00f6scht.<\/p>\n<h4>Ihre Rechte auf Auskunft, Berichtigung, Sperre, L\u00f6schung und Widerspruch<\/h4>\n<p>Sie haben das Recht, auf Antrag unentgeltlich eine Auskunft, \u00fcber die bei uns gespeicherten personenbezogenen Daten, anzufordern und\/oder eine Berichtigung, Sperrung oder L\u00f6schung zu verlangen. Ausnahmen: Es handelt sich um die vorgeschriebene Datenspeicherung zur Gesch\u00e4ftsabwicklung oder die Daten unterliegen der gesetzlichen Aufbewahrungspflicht.<\/p>\n<p>Damit eine Sperre von Daten jederzeit ber\u00fccksichtigt werden kann, m\u00fcssen diese Daten zu Kontrollzwecken in einer Sperrdatei vorgehalten werden. Sie k\u00f6nnen auch die L\u00f6schung der Daten verlangen, soweit keine gesetzliche Archivierungsverpflichtung besteht. Soweit eine solche Verpflichtung besteht, sperren wir Ihre Daten auf Wunsch.<\/p>\n<p>Sie k\u00f6nnen \u00c4nderungen oder den Widerruf einer Einwilligung durch entsprechende Mitteilung an uns mit Wirkung f\u00fcr die Zukunft vornehmen.<\/p>\n<h4>Ihr Recht auf Beschwerde bei der Aufsichtsbeh\u00f6rde<\/h4>\n<p>Sie haben das Recht, Beschwerde bei einer Aufsichtsbeh\u00f6rde f\u00fcr den Datenschutz einzureichen.<\/p>\n<h4>Bestehen einer automatisierten Entscheidungsfindung<\/h4>\n<p>Als verantwortungsbewusstes Unternehmen verzichten wir auf eine automatische Entscheidungsfindung oder ein Profiling.<\/p>\n<h4>\u00c4nderung unserer Datenschutzbestimmungen<\/h4>\n<p>Wir behalten uns vor, diese Datenschutzerkl\u00e4rung gelegentlich anzupassen, damit sie stets den aktuellen rechtlichen Anforderungen entspricht oder um \u00c4nderungen unserer Leistungen in der Datenschutzerkl\u00e4rung umzusetzen, z. B. bei der Einf\u00fchrung neuer Services. F\u00fcr Ihren erneuten Besuch gilt dann die neue Datenschutzerkl\u00e4rung.<\/p>\n<h4>Fragen zum Datenschutz<\/h4>\n<p>Wenn Sie Fragen zum Datenschutz haben, schreiben Sie uns bitte eine E-Mail oder wenden Sie sich direkt an uns:<br \/>\nE-Mail: <a href=\"mailto:info@lager-land.de\">info(at)lager-land.de<\/a><\/p>\n","protected":false},"excerpt":{"rendered":"<p>Verantwortlich: Thomas Ruhland Am Eicherhof 16 81929 M\u00fcnchen Deutschland Telefon +49 89 \/ 930 16 00 Telefax +49 89 \/ 90 93 78 54 Email: info[at]Lager-Land.de Erfassung von allgemeinen Daten und Informationen Wenn Sie auf unsere Webseite zugreifen, werden automatisch Informationen allgemeiner Natur erfasst. Diese Informationen (Server-Logfiles) beinhalten die verwendeten Browsertypen und Versionen, das vom [&hellip;]<\/p>\n","protected":false},"author":1,"featured_media":0,"parent":0,"menu_order":30,"comment_status":"closed","ping_status":"closed","template":"","meta":{"footnotes":""},"class_list":["post-230","page","type-page","status-publish","hentry"],"yoast_head":"<!-- This site is optimized with the Yoast SEO plugin v27.3 - https:\/\/yoast.com\/product\/yoast-seo-wordpress\/ -->\n<title>Datenschutz - Lager-Land<\/title>\n<meta name=\"robots\" content=\"index, follow, max-snippet:-1, max-image-preview:large, max-video-preview:-1\" \/>\n<link rel=\"canonical\" href=\"https:\/\/www.lager-land.de\/blog\/datenschutz\/\" \/>\n<meta property=\"og:locale\" content=\"de_DE\" \/>\n<meta property=\"og:type\" content=\"article\" \/>\n<meta property=\"og:title\" content=\"Datenschutz - Lager-Land\" \/>\n<meta property=\"og:description\" content=\"Verantwortlich: Thomas Ruhland Am Eicherhof 16 81929 M\u00fcnchen Deutschland Telefon +49 89 \/ 930 16 00 Telefax +49 89 \/ 90 93 78 54 Email: info[at]Lager-Land.de Erfassung von allgemeinen Daten und Informationen Wenn Sie auf unsere Webseite zugreifen, werden automatisch Informationen allgemeiner Natur erfasst. Diese Informationen (Server-Logfiles) beinhalten die verwendeten Browsertypen und Versionen, das vom [&hellip;]\" \/>\n<meta property=\"og:url\" content=\"https:\/\/www.lager-land.de\/blog\/datenschutz\/\" \/>\n<meta property=\"og:site_name\" content=\"Lager-Land\" \/>\n<meta property=\"article:modified_time\" content=\"2018-05-04T13:34:10+00:00\" \/>\n<meta name=\"twitter:card\" content=\"summary_large_image\" \/>\n<meta name=\"twitter:label1\" content=\"Gesch\u00e4tzte Lesezeit\" \/>\n\t<meta name=\"twitter:data1\" content=\"5\u00a0Minuten\" \/>\n<script type=\"application\/ld+json\" class=\"yoast-schema-graph\">{\"@context\":\"https:\\\/\\\/schema.org\",\"@graph\":[{\"@type\":\"WebPage\",\"@id\":\"https:\\\/\\\/www.lager-land.de\\\/blog\\\/datenschutz\\\/\",\"url\":\"https:\\\/\\\/www.lager-land.de\\\/blog\\\/datenschutz\\\/\",\"name\":\"Datenschutz - Lager-Land\",\"isPartOf\":{\"@id\":\"https:\\\/\\\/www.lager-land.de\\\/blog\\\/#website\"},\"datePublished\":\"2018-05-04T13:26:43+00:00\",\"dateModified\":\"2018-05-04T13:34:10+00:00\",\"breadcrumb\":{\"@id\":\"https:\\\/\\\/www.lager-land.de\\\/blog\\\/datenschutz\\\/#breadcrumb\"},\"inLanguage\":\"de\",\"potentialAction\":[{\"@type\":\"ReadAction\",\"target\":[\"https:\\\/\\\/www.lager-land.de\\\/blog\\\/datenschutz\\\/\"]}]},{\"@type\":\"BreadcrumbList\",\"@id\":\"https:\\\/\\\/www.lager-land.de\\\/blog\\\/datenschutz\\\/#breadcrumb\",\"itemListElement\":[{\"@type\":\"ListItem\",\"position\":1,\"name\":\"Startseite\",\"item\":\"https:\\\/\\\/www.lager-land.de\\\/blog\\\/\"},{\"@type\":\"ListItem\",\"position\":2,\"name\":\"Datenschutz\"}]},{\"@type\":\"WebSite\",\"@id\":\"https:\\\/\\\/www.lager-land.de\\\/blog\\\/#website\",\"url\":\"https:\\\/\\\/www.lager-land.de\\\/blog\\\/\",\"name\":\"Lager-Land\",\"description\":\"Blog\",\"publisher\":{\"@id\":\"https:\\\/\\\/www.lager-land.de\\\/blog\\\/#organization\"},\"potentialAction\":[{\"@type\":\"SearchAction\",\"target\":{\"@type\":\"EntryPoint\",\"urlTemplate\":\"https:\\\/\\\/www.lager-land.de\\\/blog\\\/?s={search_term_string}\"},\"query-input\":{\"@type\":\"PropertyValueSpecification\",\"valueRequired\":true,\"valueName\":\"search_term_string\"}}],\"inLanguage\":\"de\"},{\"@type\":\"Organization\",\"@id\":\"https:\\\/\\\/www.lager-land.de\\\/blog\\\/#organization\",\"name\":\"Lager-Land\",\"url\":\"https:\\\/\\\/www.lager-land.de\\\/blog\\\/\",\"logo\":{\"@type\":\"ImageObject\",\"inLanguage\":\"de\",\"@id\":\"https:\\\/\\\/www.lager-land.de\\\/blog\\\/#\\\/schema\\\/logo\\\/image\\\/\",\"url\":\"https:\\\/\\\/www.lager-land.de\\\/blog\\\/wp-content\\\/uploads\\\/2015\\\/06\\\/header.gif\",\"contentUrl\":\"https:\\\/\\\/www.lager-land.de\\\/blog\\\/wp-content\\\/uploads\\\/2015\\\/06\\\/header.gif\",\"width\":774,\"height\":161,\"caption\":\"Lager-Land\"},\"image\":{\"@id\":\"https:\\\/\\\/www.lager-land.de\\\/blog\\\/#\\\/schema\\\/logo\\\/image\\\/\"}}]}<\/script>\n<!-- \/ Yoast SEO plugin. -->","yoast_head_json":{"title":"Datenschutz - Lager-Land","robots":{"index":"index","follow":"follow","max-snippet":"max-snippet:-1","max-image-preview":"max-image-preview:large","max-video-preview":"max-video-preview:-1"},"canonical":"https:\/\/www.lager-land.de\/blog\/datenschutz\/","og_locale":"de_DE","og_type":"article","og_title":"Datenschutz - Lager-Land","og_description":"Verantwortlich: Thomas Ruhland Am Eicherhof 16 81929 M\u00fcnchen Deutschland Telefon +49 89 \/ 930 16 00 Telefax +49 89 \/ 90 93 78 54 Email: info[at]Lager-Land.de Erfassung von allgemeinen Daten und Informationen Wenn Sie auf unsere Webseite zugreifen, werden automatisch Informationen allgemeiner Natur erfasst. Diese Informationen (Server-Logfiles) beinhalten die verwendeten Browsertypen und Versionen, das vom [&hellip;]","og_url":"https:\/\/www.lager-land.de\/blog\/datenschutz\/","og_site_name":"Lager-Land","article_modified_time":"2018-05-04T13:34:10+00:00","twitter_card":"summary_large_image","twitter_misc":{"Gesch\u00e4tzte Lesezeit":"5\u00a0Minuten"},"schema":{"@context":"https:\/\/schema.org","@graph":[{"@type":"WebPage","@id":"https:\/\/www.lager-land.de\/blog\/datenschutz\/","url":"https:\/\/www.lager-land.de\/blog\/datenschutz\/","name":"Datenschutz - Lager-Land","isPartOf":{"@id":"https:\/\/www.lager-land.de\/blog\/#website"},"datePublished":"2018-05-04T13:26:43+00:00","dateModified":"2018-05-04T13:34:10+00:00","breadcrumb":{"@id":"https:\/\/www.lager-land.de\/blog\/datenschutz\/#breadcrumb"},"inLanguage":"de","potentialAction":[{"@type":"ReadAction","target":["https:\/\/www.lager-land.de\/blog\/datenschutz\/"]}]},{"@type":"BreadcrumbList","@id":"https:\/\/www.lager-land.de\/blog\/datenschutz\/#breadcrumb","itemListElement":[{"@type":"ListItem","position":1,"name":"Startseite","item":"https:\/\/www.lager-land.de\/blog\/"},{"@type":"ListItem","position":2,"name":"Datenschutz"}]},{"@type":"WebSite","@id":"https:\/\/www.lager-land.de\/blog\/#website","url":"https:\/\/www.lager-land.de\/blog\/","name":"Lager-Land","description":"Blog","publisher":{"@id":"https:\/\/www.lager-land.de\/blog\/#organization"},"potentialAction":[{"@type":"SearchAction","target":{"@type":"EntryPoint","urlTemplate":"https:\/\/www.lager-land.de\/blog\/?s={search_term_string}"},"query-input":{"@type":"PropertyValueSpecification","valueRequired":true,"valueName":"search_term_string"}}],"inLanguage":"de"},{"@type":"Organization","@id":"https:\/\/www.lager-land.de\/blog\/#organization","name":"Lager-Land","url":"https:\/\/www.lager-land.de\/blog\/","logo":{"@type":"ImageObject","inLanguage":"de","@id":"https:\/\/www.lager-land.de\/blog\/#\/schema\/logo\/image\/","url":"https:\/\/www.lager-land.de\/blog\/wp-content\/uploads\/2015\/06\/header.gif","contentUrl":"https:\/\/www.lager-land.de\/blog\/wp-content\/uploads\/2015\/06\/header.gif","width":774,"height":161,"caption":"Lager-Land"},"image":{"@id":"https:\/\/www.lager-land.de\/blog\/#\/schema\/logo\/image\/"}}]}},"_links":{"self":[{"href":"https:\/\/www.lager-land.de\/blog\/wp-json\/wp\/v2\/pages\/230","targetHints":{"allow":["GET"]}}],"collection":[{"href":"https:\/\/www.lager-land.de\/blog\/wp-json\/wp\/v2\/pages"}],"about":[{"href":"https:\/\/www.lager-land.de\/blog\/wp-json\/wp\/v2\/types\/page"}],"author":[{"embeddable":true,"href":"https:\/\/www.lager-land.de\/blog\/wp-json\/wp\/v2\/users\/1"}],"replies":[{"embeddable":true,"href":"https:\/\/www.lager-land.de\/blog\/wp-json\/wp\/v2\/comments?post=230"}],"version-history":[{"count":2,"href":"https:\/\/www.lager-land.de\/blog\/wp-json\/wp\/v2\/pages\/230\/revisions"}],"predecessor-version":[{"id":233,"href":"https:\/\/www.lager-land.de\/blog\/wp-json\/wp\/v2\/pages\/230\/revisions\/233"}],"wp:attachment":[{"href":"https:\/\/www.lager-land.de\/blog\/wp-json\/wp\/v2\/media?parent=230"}],"curies":[{"name":"wp","href":"https:\/\/api.w.org\/{rel}","templated":true}]}}